{"id":13,"date":"2024-01-02T11:55:35","date_gmt":"2024-01-02T10:55:35","guid":{"rendered":"https:\/\/halio.midac-lab.fr\/?page_id=13"},"modified":"2025-12-03T11:37:07","modified_gmt":"2025-12-03T10:37:07","slug":"accueil","status":"publish","type":"page","link":"https:\/\/midac-lab.fr\/accueil\/","title":{"rendered":"Accueil"},"content":{"rendered":"\n<div class=\"wp-block-group alignfull is-content-justification-center is-layout-constrained wp-container-core-group-is-layout-6acb9670 wp-block-group-is-layout-constrained\">\n<div class=\"wp-block-group alignfull is-content-justification-center is-layout-constrained wp-container-core-group-is-layout-49a56fcc wp-block-group-is-layout-constrained\" style=\"padding-bottom:var(--wp--preset--spacing--60)\">\n<h1 class=\"wp-block-heading has-text-align-center has-text-color has-link-color has-x-large-font-size wp-elements-630d074ca64ccc019ef9b90ad2c5eaa2\" style=\"color:#02a8a6\"><strong>Laboratoire d&rsquo;analyses microbiologiques<\/strong><\/h1>\n<\/div>\n\n\n\n<div class=\"wp-block-group is-layout-constrained wp-container-core-group-is-layout-3958ce93 wp-block-group-is-layout-constrained\" style=\"padding-bottom:var(--wp--preset--spacing--30)\">\n<p>Laboratoire MIDAC est un laboratoire prestataire de services ind\u00e9pendant pour l&rsquo;industrie chimique (d\u00e9sinfectants), cosm\u00e9tique et pharmaceutique. Experts en microbiologie (bact\u00e9ries, levures, moisissures, spores, virus), l&rsquo;activit\u00e9 principale est l&rsquo;\u00e9valuation de l&rsquo;efficacit\u00e9 antimicrobienne des produits: antiseptiques et d\u00e9sinfectants chimiques, Cosm\u00e9tiques (Challenge Test), produits pharmaceutiques (test microbiologique), dispositifs m\u00e9dicaux, plastiques, textiles.<\/p>\n\n\n\n<p style=\"margin-bottom:0;padding-top:0;padding-bottom:var(--wp--preset--spacing--50)\">En plus de ces tests, nous effectuons des contr\u00f4les microbiologiques sur vos produits.<\/p>\n\n\n\n<p>Laboratoire MIDAC is an independant service provider laboratory for the chemical (disinfectants), cosmetics and pharmaceutical industries. Microbiologist experts (bacteria, yeasts, molds, spores, viruses), the main activity is the evaluation of the antimicrobial effectiveness of the products: chemical antiseptics and disinfectants, Cosmetics (Challenge Test), pharmaceutical products (microbiological assay), medical devices, plastics, textiles.<\/p>\n\n\n\n<p>In addition to these tests, we carry out microbiological checks on your products.<\/p>\n\n\n\n<p class=\"has-text-align-center\"><strong>Vos exigences sont nos imp\u00e9ratifs.<\/strong><\/p>\n<\/div>\n\n\n\n<div class=\"wp-block-group is-layout-constrained wp-container-core-group-is-layout-942f171d wp-block-group-is-layout-constrained\" style=\"border-top-color:var(--wp--preset--color--cyan-bluish-gray);border-top-width:3px;padding-top:var(--wp--preset--spacing--40);padding-bottom:var(--wp--preset--spacing--40)\">\n<div class=\"wp-block-media-text is-stacked-on-mobile\"><figure class=\"wp-block-media-text__media\"><img loading=\"lazy\" decoding=\"async\" width=\"501\" height=\"376\" src=\"http:\/\/halio.midac-lab.fr\/wp-content\/uploads\/2024\/01\/midac.webp\" alt=\"\" class=\"wp-image-69 size-full\" srcset=\"https:\/\/midac-lab.fr\/wp-content\/uploads\/2024\/01\/midac.webp 501w, https:\/\/midac-lab.fr\/wp-content\/uploads\/2024\/01\/midac-300x225.webp 300w\" sizes=\"auto, (max-width: 501px) 100vw, 501px\" \/><\/figure><div class=\"wp-block-media-text__content\">\n<p>En nous confiant vos travaux, vous b\u00e9n\u00e9ficiez d\u2019un laboratoire de microbiologie totalement ind\u00e9pendant et d\u2019une \u00e9quipe technique experte dans son domaine depuis 1984. Nous mettons \u00e0 votre disposition nos \u00e9quipements et comp\u00e9tences pour vous permettre d\u2019atteindre vos objectifs.<\/p>\n\n\n\n<p>Laboratoire MIDAC est prestataire de services pour les fabricants et l\u2019ensemble des acteurs de la chimie, des industries pharmaceutiques et cosm\u00e9tiques et plus g\u00e9n\u00e9ralement du domaine de l\u2019hygi\u00e8ne. Notre laboratoire intervient dans les phases de d\u00e9veloppement de nouveaux produits ou de contr\u00f4le de la production.<\/p>\n<\/div><\/div>\n\n\n\n<p>Nous sommes accr\u00e9dit\u00e9s par le COFRAC. Accr\u00e9ditation n\u00b0 1-0019, port\u00e9e disponible sur\u00a0<a href=\"https:\/\/tools.cofrac.fr\/annexes\/sect1\/1-0019.pdf\" target=\"_blank\" rel=\"noreferrer noopener\">www.cofrac.fr<\/a>\u00a0. Quelle que soit notre prestation, nous appliquons les exigences de la norme ISO 17025 \u00e0 l\u2019ensemble de notre syst\u00e8me qualit\u00e9.<\/p>\n<\/div>\n<\/div>\n","protected":false},"excerpt":{"rendered":"<p>Laboratoire d&rsquo;analyses microbiologiques Laboratoire MIDAC est un laboratoire prestataire de services ind\u00e9pendant pour l&rsquo;industrie chimique (d\u00e9sinfectants), cosm\u00e9tique et pharmaceutique. Experts en microbiologie (bact\u00e9ries, levures, moisissures, spores, virus), l&rsquo;activit\u00e9 principale est l&rsquo;\u00e9valuation de l&rsquo;efficacit\u00e9 antimicrobienne des produits: antiseptiques et d\u00e9sinfectants chimiques, Cosm\u00e9tiques (Challenge Test), produits pharmaceutiques (test microbiologique), dispositifs m\u00e9dicaux, plastiques, textiles. En plus de ces [&hellip;]<\/p>\n","protected":false},"author":2,"featured_media":0,"parent":0,"menu_order":0,"comment_status":"closed","ping_status":"closed","template":"","meta":{"footnotes":""},"class_list":["post-13","page","type-page","status-publish","hentry"],"yoast_head":"<!-- This site is optimized with the Yoast SEO plugin v21.7 - https:\/\/yoast.com\/wordpress\/plugins\/seo\/ -->\n<title>MIDAC | Laboratoire d&#039;analyses microbiologiques<\/title>\n<meta name=\"description\" content=\"MIDAC est un laboratoire d&#039;analyses microbiologiques prestataires de services pour les industries pharmaceutiques et cosm\u00e9tiques.\" \/>\n<meta name=\"robots\" content=\"index, follow, max-snippet:-1, max-image-preview:large, max-video-preview:-1\" \/>\n<link rel=\"canonical\" href=\"http:\/\/midac-lab.fr\/accueil\/\" \/>\n<meta property=\"og:locale\" content=\"fr_FR\" \/>\n<meta property=\"og:type\" content=\"article\" \/>\n<meta property=\"og:title\" content=\"MIDAC | Laboratoire d&#039;analyses microbiologiques\" \/>\n<meta property=\"og:description\" content=\"MIDAC est un laboratoire d&#039;analyses microbiologiques prestataires de services pour les industries pharmaceutiques et cosm\u00e9tiques.\" \/>\n<meta property=\"og:url\" content=\"http:\/\/midac-lab.fr\/accueil\/\" \/>\n<meta property=\"og:site_name\" content=\"Laboratoire Midac\" \/>\n<meta property=\"article:modified_time\" content=\"2025-12-03T10:37:07+00:00\" \/>\n<meta property=\"og:image\" content=\"http:\/\/halio.midac-lab.fr\/wp-content\/uploads\/2024\/01\/midac.webp\" \/>\n<meta name=\"twitter:card\" content=\"summary_large_image\" \/>\n<meta name=\"twitter:label1\" content=\"Dur\u00e9e de lecture estim\u00e9e\" \/>\n\t<meta name=\"twitter:data1\" content=\"2 minutes\" \/>\n<script type=\"application\/ld+json\" class=\"yoast-schema-graph\">{\"@context\":\"https:\/\/schema.org\",\"@graph\":[{\"@type\":\"WebPage\",\"@id\":\"http:\/\/midac-lab.fr\/accueil\/\",\"url\":\"http:\/\/midac-lab.fr\/accueil\/\",\"name\":\"MIDAC | Laboratoire d'analyses microbiologiques\",\"isPartOf\":{\"@id\":\"https:\/\/midac-lab.fr\/accueil\/#website\"},\"datePublished\":\"2024-01-02T10:55:35+00:00\",\"dateModified\":\"2025-12-03T10:37:07+00:00\",\"description\":\"MIDAC est un laboratoire d'analyses microbiologiques prestataires de services pour les industries pharmaceutiques et cosm\u00e9tiques.\",\"inLanguage\":\"fr-FR\",\"potentialAction\":[{\"@type\":\"ReadAction\",\"target\":[\"http:\/\/midac-lab.fr\/accueil\/\"]}]},{\"@type\":\"WebSite\",\"@id\":\"https:\/\/midac-lab.fr\/accueil\/#website\",\"url\":\"https:\/\/midac-lab.fr\/accueil\/\",\"name\":\"Laboratoire Midac\",\"description\":\"Laboratoire d&#039;analyses microbiologiques\",\"publisher\":{\"@id\":\"https:\/\/midac-lab.fr\/accueil\/#organization\"},\"potentialAction\":[{\"@type\":\"SearchAction\",\"target\":{\"@type\":\"EntryPoint\",\"urlTemplate\":\"https:\/\/midac-lab.fr\/accueil\/?s={search_term_string}\"},\"query-input\":\"required name=search_term_string\"}],\"inLanguage\":\"fr-FR\"},{\"@type\":\"Organization\",\"@id\":\"https:\/\/midac-lab.fr\/accueil\/#organization\",\"name\":\"Laboratoire Midac\",\"url\":\"https:\/\/midac-lab.fr\/accueil\/\",\"logo\":{\"@type\":\"ImageObject\",\"inLanguage\":\"fr-FR\",\"@id\":\"https:\/\/midac-lab.fr\/accueil\/#\/schema\/logo\/image\/\",\"url\":\"\",\"contentUrl\":\"\",\"caption\":\"Laboratoire Midac\"},\"image\":{\"@id\":\"https:\/\/midac-lab.fr\/accueil\/#\/schema\/logo\/image\/\"}}]}<\/script>\n<!-- \/ Yoast SEO plugin. -->","yoast_head_json":{"title":"MIDAC | Laboratoire d'analyses microbiologiques","description":"MIDAC est un laboratoire d'analyses microbiologiques prestataires de services pour les industries pharmaceutiques et cosm\u00e9tiques.","robots":{"index":"index","follow":"follow","max-snippet":"max-snippet:-1","max-image-preview":"max-image-preview:large","max-video-preview":"max-video-preview:-1"},"canonical":"http:\/\/midac-lab.fr\/accueil\/","og_locale":"fr_FR","og_type":"article","og_title":"MIDAC | Laboratoire d'analyses microbiologiques","og_description":"MIDAC est un laboratoire d'analyses microbiologiques prestataires de services pour les industries pharmaceutiques et cosm\u00e9tiques.","og_url":"http:\/\/midac-lab.fr\/accueil\/","og_site_name":"Laboratoire Midac","article_modified_time":"2025-12-03T10:37:07+00:00","og_image":[{"url":"http:\/\/halio.midac-lab.fr\/wp-content\/uploads\/2024\/01\/midac.webp"}],"twitter_card":"summary_large_image","twitter_misc":{"Dur\u00e9e de lecture estim\u00e9e":"2 minutes"},"schema":{"@context":"https:\/\/schema.org","@graph":[{"@type":"WebPage","@id":"http:\/\/midac-lab.fr\/accueil\/","url":"http:\/\/midac-lab.fr\/accueil\/","name":"MIDAC | Laboratoire d'analyses microbiologiques","isPartOf":{"@id":"https:\/\/midac-lab.fr\/accueil\/#website"},"datePublished":"2024-01-02T10:55:35+00:00","dateModified":"2025-12-03T10:37:07+00:00","description":"MIDAC est un laboratoire d'analyses microbiologiques prestataires de services pour les industries pharmaceutiques et cosm\u00e9tiques.","inLanguage":"fr-FR","potentialAction":[{"@type":"ReadAction","target":["http:\/\/midac-lab.fr\/accueil\/"]}]},{"@type":"WebSite","@id":"https:\/\/midac-lab.fr\/accueil\/#website","url":"https:\/\/midac-lab.fr\/accueil\/","name":"Laboratoire Midac","description":"Laboratoire d&#039;analyses microbiologiques","publisher":{"@id":"https:\/\/midac-lab.fr\/accueil\/#organization"},"potentialAction":[{"@type":"SearchAction","target":{"@type":"EntryPoint","urlTemplate":"https:\/\/midac-lab.fr\/accueil\/?s={search_term_string}"},"query-input":"required name=search_term_string"}],"inLanguage":"fr-FR"},{"@type":"Organization","@id":"https:\/\/midac-lab.fr\/accueil\/#organization","name":"Laboratoire Midac","url":"https:\/\/midac-lab.fr\/accueil\/","logo":{"@type":"ImageObject","inLanguage":"fr-FR","@id":"https:\/\/midac-lab.fr\/accueil\/#\/schema\/logo\/image\/","url":"","contentUrl":"","caption":"Laboratoire Midac"},"image":{"@id":"https:\/\/midac-lab.fr\/accueil\/#\/schema\/logo\/image\/"}}]}},"_links":{"self":[{"href":"https:\/\/midac-lab.fr\/accueil\/wp-json\/wp\/v2\/pages\/13","targetHints":{"allow":["GET"]}}],"collection":[{"href":"https:\/\/midac-lab.fr\/accueil\/wp-json\/wp\/v2\/pages"}],"about":[{"href":"https:\/\/midac-lab.fr\/accueil\/wp-json\/wp\/v2\/types\/page"}],"author":[{"embeddable":true,"href":"https:\/\/midac-lab.fr\/accueil\/wp-json\/wp\/v2\/users\/2"}],"replies":[{"embeddable":true,"href":"https:\/\/midac-lab.fr\/accueil\/wp-json\/wp\/v2\/comments?post=13"}],"version-history":[{"count":36,"href":"https:\/\/midac-lab.fr\/accueil\/wp-json\/wp\/v2\/pages\/13\/revisions"}],"predecessor-version":[{"id":441,"href":"https:\/\/midac-lab.fr\/accueil\/wp-json\/wp\/v2\/pages\/13\/revisions\/441"}],"wp:attachment":[{"href":"https:\/\/midac-lab.fr\/accueil\/wp-json\/wp\/v2\/media?parent=13"}],"curies":[{"name":"wp","href":"https:\/\/api.w.org\/{rel}","templated":true}]}}