{"id":39,"date":"2024-01-02T14:38:37","date_gmt":"2024-01-02T13:38:37","guid":{"rendered":"https:\/\/halio.midac-lab.fr\/?page_id=39"},"modified":"2024-06-17T19:38:04","modified_gmt":"2024-06-17T17:38:04","slug":"contact","status":"publish","type":"page","link":"https:\/\/midac-lab.fr\/accueil\/contact\/","title":{"rendered":"Contact"},"content":{"rendered":"\n<div class=\"wp-block-group alignfull is-layout-constrained wp-container-core-group-is-layout-704e782a wp-block-group-is-layout-constrained\">\n<h2 class=\"wp-block-heading has-text-align-center has-x-large-font-size\"><strong>Laboratoire MIDAC<br>Loos \/ Lille<\/strong><\/h2>\n\n\n\n<div class=\"wp-block-group is-content-justification-center is-layout-flex wp-container-core-group-is-layout-b02886af wp-block-group-is-layout-flex\">\n<iframe src=\"https:\/\/www.google.com\/maps\/embed?pb=!1m18!1m12!1m3!1d2532.28505706563!2d3.0412437757924944!3d50.60324047635177!2m3!1f0!2f0!3f0!3m2!1i1024!2i768!4f13.1!3m3!1m2!1s0x47c2d506cc5e4d37%3A0x4c522a708615935!2sLaboratoire%20Midac%20-%20Laboratoire%20d%E2%80%99analyses%20microbiologiques!5e0!3m2!1sfr!2sfr!4v1704384764063!5m2!1sfr!2sfr\" width=\"400\" height=\"500\" style=\"border:0;\" allowfullscreen=\"\" loading=\"lazy\" referrerpolicy=\"no-referrer-when-downgrade\"><\/iframe>\n\n\n\n<div class=\"wp-block-group is-vertical is-content-justification-center is-layout-flex wp-container-core-group-is-layout-ce155fab wp-block-group-is-layout-flex\">\n<p class=\"has-text-align-center\">Parc Eurasant\u00e9 &#8211; Le Gal\u00e9nis, 85 C rue Nelson Mandela<br>59120 LOOS (France)<\/p>\n\n\n\n<p class=\"has-text-align-center\">Pour tout&nbsp;renseignement&nbsp;:<br>&nbsp;Mail : c<a href=\"mailto:ontact@midac-lab.fr\">ontact@midac-lab.fr<\/a> \/ T\u00e9l\u00e9phone : +33 3 20 90 52 55<\/p>\n\n\n\n<p><\/p>\n\n\n\n<figure class=\"wp-block-image aligncenter size-full\"><img loading=\"lazy\" decoding=\"async\" width=\"478\" height=\"323\" src=\"http:\/\/halio.midac-lab.fr\/wp-content\/uploads\/2024\/01\/laboratoire-midac.webp\" alt=\"\" class=\"wp-image-219\" srcset=\"https:\/\/midac-lab.fr\/wp-content\/uploads\/2024\/01\/laboratoire-midac.webp 478w, https:\/\/midac-lab.fr\/wp-content\/uploads\/2024\/01\/laboratoire-midac-300x203.webp 300w\" sizes=\"auto, (max-width: 478px) 100vw, 478px\" \/><\/figure>\n<\/div>\n<\/div>\n<\/div>\n\n\n\n<div class=\"wp-block-group is-layout-constrained wp-block-group-is-layout-constrained\" style=\"border-top-color:var(--wp--preset--color--cyan-bluish-gray);border-top-width:3px;margin-top:var(--wp--preset--spacing--40);padding-top:var(--wp--preset--spacing--40)\">\n<h2 class=\"wp-block-heading has-text-align-center\">Vos interlocuteurs<\/h2>\n\n\n\n<div class=\"wp-block-group is-content-justification-center is-nowrap is-layout-flex wp-container-core-group-is-layout-23441af8 wp-block-group-is-layout-flex\">\n<div class=\"wp-block-group is-vertical is-layout-flex wp-container-core-group-is-layout-fe9cc265 wp-block-group-is-layout-flex\">\n<figure class=\"wp-block-image size-full\"><img loading=\"lazy\" decoding=\"async\" width=\"120\" height=\"134\" src=\"http:\/\/midac-lab.fr\/wp-content\/uploads\/2024\/01\/RaphaelDugue.webp\" alt=\"\" class=\"wp-image-225\"\/><\/figure>\n\n\n\n<p>Directeur : <br>Rapha\u00ebl DUGU\u00c9<\/p>\n<\/div>\n\n\n\n<div class=\"wp-block-group is-vertical is-layout-flex wp-container-core-group-is-layout-fe9cc265 wp-block-group-is-layout-flex\">\n<figure class=\"wp-block-image size-full\"><img loading=\"lazy\" decoding=\"async\" width=\"121\" height=\"133\" src=\"http:\/\/midac-lab.fr\/wp-content\/uploads\/2024\/01\/Stephanie.webp\" alt=\"\" class=\"wp-image-373\"\/><\/figure>\n\n\n\n<p>Charg\u00e9e de client\u00e8le :<br>St\u00e9phanie DEMAN<\/p>\n<\/div>\n<\/div>\n\n\n\n<p>Depuis 1984, le laboratoire MIDAC met \u00e0 votre disposition ses \u00e9quipements et comp\u00e9tences pour vous permettre d\u2019atteindre vos objectifs.<\/p>\n\n\n\n<p>En nous confiant vos travaux, vous b\u00e9n\u00e9ficiez d\u2019un laboratoire de microbiologie totalement ind\u00e9pendant et d\u2019une \u00e9quipe technique experte dans son domaine. Plus de 2 millions de r\u00e9sultats ont \u00e9t\u00e9 enregistr\u00e9s depuis la cr\u00e9ation de notre laboratoire.<\/p>\n<\/div>\n","protected":false},"excerpt":{"rendered":"<p>Laboratoire MIDACLoos \/ Lille Parc Eurasant\u00e9 &#8211; Le Gal\u00e9nis, 85 C rue Nelson Mandela59120 LOOS (France) Pour tout&nbsp;renseignement&nbsp;:&nbsp;Mail : contact@midac-lab.fr \/ T\u00e9l\u00e9phone : +33 3 20 90 52 55 Vos interlocuteurs Directeur : Rapha\u00ebl DUGU\u00c9 Charg\u00e9e de client\u00e8le :St\u00e9phanie DEMAN Depuis 1984, le laboratoire MIDAC met \u00e0 votre disposition ses \u00e9quipements et comp\u00e9tences pour vous [&hellip;]<\/p>\n","protected":false},"author":2,"featured_media":0,"parent":0,"menu_order":0,"comment_status":"closed","ping_status":"closed","template":"","meta":{"footnotes":""},"class_list":["post-39","page","type-page","status-publish","hentry"],"yoast_head":"<!-- This site is optimized with the Yoast SEO plugin v21.7 - https:\/\/yoast.com\/wordpress\/plugins\/seo\/ -->\n<title>Nous contacter | Laboratoire Midac<\/title>\n<meta name=\"description\" content=\"Le laboratoire MIDAC se situe \u00e0 LOOS en France. Vous pouvez prendre contact avec nous via contact@midac-lab.fr ou au +33 3 20 90 52 55\" \/>\n<meta name=\"robots\" content=\"index, follow, max-snippet:-1, max-image-preview:large, max-video-preview:-1\" \/>\n<link rel=\"canonical\" href=\"https:\/\/midac-lab.fr\/accueil\/contact\/\" \/>\n<meta property=\"og:locale\" content=\"fr_FR\" \/>\n<meta property=\"og:type\" content=\"article\" \/>\n<meta property=\"og:title\" content=\"Nous contacter | Laboratoire Midac\" \/>\n<meta property=\"og:description\" content=\"Le laboratoire MIDAC se situe \u00e0 LOOS en France. Vous pouvez prendre contact avec nous via contact@midac-lab.fr ou au +33 3 20 90 52 55\" \/>\n<meta property=\"og:url\" content=\"https:\/\/midac-lab.fr\/accueil\/contact\/\" \/>\n<meta property=\"og:site_name\" content=\"Laboratoire Midac\" \/>\n<meta property=\"article:modified_time\" content=\"2024-06-17T17:38:04+00:00\" \/>\n<meta property=\"og:image\" content=\"http:\/\/halio.midac-lab.fr\/wp-content\/uploads\/2024\/01\/laboratoire-midac.webp\" \/>\n<meta name=\"twitter:card\" content=\"summary_large_image\" \/>\n<meta name=\"twitter:label1\" content=\"Dur\u00e9e de lecture estim\u00e9e\" \/>\n\t<meta name=\"twitter:data1\" content=\"2 minutes\" \/>\n<script type=\"application\/ld+json\" class=\"yoast-schema-graph\">{\"@context\":\"https:\/\/schema.org\",\"@graph\":[{\"@type\":\"WebPage\",\"@id\":\"https:\/\/midac-lab.fr\/accueil\/contact\/\",\"url\":\"https:\/\/midac-lab.fr\/accueil\/contact\/\",\"name\":\"Nous contacter | Laboratoire Midac\",\"isPartOf\":{\"@id\":\"https:\/\/midac-lab.fr\/accueil\/#website\"},\"datePublished\":\"2024-01-02T13:38:37+00:00\",\"dateModified\":\"2024-06-17T17:38:04+00:00\",\"description\":\"Le laboratoire MIDAC se situe \u00e0 LOOS en France. Vous pouvez prendre contact avec nous via contact@midac-lab.fr ou au +33 3 20 90 52 55\",\"inLanguage\":\"fr-FR\",\"potentialAction\":[{\"@type\":\"ReadAction\",\"target\":[\"https:\/\/midac-lab.fr\/accueil\/contact\/\"]}]},{\"@type\":\"WebSite\",\"@id\":\"https:\/\/midac-lab.fr\/accueil\/#website\",\"url\":\"https:\/\/midac-lab.fr\/accueil\/\",\"name\":\"Laboratoire Midac\",\"description\":\"Laboratoire d&#039;analyses microbiologiques\",\"publisher\":{\"@id\":\"https:\/\/midac-lab.fr\/accueil\/#organization\"},\"potentialAction\":[{\"@type\":\"SearchAction\",\"target\":{\"@type\":\"EntryPoint\",\"urlTemplate\":\"https:\/\/midac-lab.fr\/accueil\/?s={search_term_string}\"},\"query-input\":\"required name=search_term_string\"}],\"inLanguage\":\"fr-FR\"},{\"@type\":\"Organization\",\"@id\":\"https:\/\/midac-lab.fr\/accueil\/#organization\",\"name\":\"Laboratoire Midac\",\"url\":\"https:\/\/midac-lab.fr\/accueil\/\",\"logo\":{\"@type\":\"ImageObject\",\"inLanguage\":\"fr-FR\",\"@id\":\"https:\/\/midac-lab.fr\/accueil\/#\/schema\/logo\/image\/\",\"url\":\"\",\"contentUrl\":\"\",\"caption\":\"Laboratoire Midac\"},\"image\":{\"@id\":\"https:\/\/midac-lab.fr\/accueil\/#\/schema\/logo\/image\/\"}}]}<\/script>\n<!-- \/ Yoast SEO plugin. -->","yoast_head_json":{"title":"Nous contacter | Laboratoire Midac","description":"Le laboratoire MIDAC se situe \u00e0 LOOS en France. Vous pouvez prendre contact avec nous via contact@midac-lab.fr ou au +33 3 20 90 52 55","robots":{"index":"index","follow":"follow","max-snippet":"max-snippet:-1","max-image-preview":"max-image-preview:large","max-video-preview":"max-video-preview:-1"},"canonical":"https:\/\/midac-lab.fr\/accueil\/contact\/","og_locale":"fr_FR","og_type":"article","og_title":"Nous contacter | Laboratoire Midac","og_description":"Le laboratoire MIDAC se situe \u00e0 LOOS en France. Vous pouvez prendre contact avec nous via contact@midac-lab.fr ou au +33 3 20 90 52 55","og_url":"https:\/\/midac-lab.fr\/accueil\/contact\/","og_site_name":"Laboratoire Midac","article_modified_time":"2024-06-17T17:38:04+00:00","og_image":[{"url":"http:\/\/halio.midac-lab.fr\/wp-content\/uploads\/2024\/01\/laboratoire-midac.webp"}],"twitter_card":"summary_large_image","twitter_misc":{"Dur\u00e9e de lecture estim\u00e9e":"2 minutes"},"schema":{"@context":"https:\/\/schema.org","@graph":[{"@type":"WebPage","@id":"https:\/\/midac-lab.fr\/accueil\/contact\/","url":"https:\/\/midac-lab.fr\/accueil\/contact\/","name":"Nous contacter | Laboratoire Midac","isPartOf":{"@id":"https:\/\/midac-lab.fr\/accueil\/#website"},"datePublished":"2024-01-02T13:38:37+00:00","dateModified":"2024-06-17T17:38:04+00:00","description":"Le laboratoire MIDAC se situe \u00e0 LOOS en France. Vous pouvez prendre contact avec nous via contact@midac-lab.fr ou au +33 3 20 90 52 55","inLanguage":"fr-FR","potentialAction":[{"@type":"ReadAction","target":["https:\/\/midac-lab.fr\/accueil\/contact\/"]}]},{"@type":"WebSite","@id":"https:\/\/midac-lab.fr\/accueil\/#website","url":"https:\/\/midac-lab.fr\/accueil\/","name":"Laboratoire Midac","description":"Laboratoire d&#039;analyses microbiologiques","publisher":{"@id":"https:\/\/midac-lab.fr\/accueil\/#organization"},"potentialAction":[{"@type":"SearchAction","target":{"@type":"EntryPoint","urlTemplate":"https:\/\/midac-lab.fr\/accueil\/?s={search_term_string}"},"query-input":"required name=search_term_string"}],"inLanguage":"fr-FR"},{"@type":"Organization","@id":"https:\/\/midac-lab.fr\/accueil\/#organization","name":"Laboratoire Midac","url":"https:\/\/midac-lab.fr\/accueil\/","logo":{"@type":"ImageObject","inLanguage":"fr-FR","@id":"https:\/\/midac-lab.fr\/accueil\/#\/schema\/logo\/image\/","url":"","contentUrl":"","caption":"Laboratoire Midac"},"image":{"@id":"https:\/\/midac-lab.fr\/accueil\/#\/schema\/logo\/image\/"}}]}},"_links":{"self":[{"href":"https:\/\/midac-lab.fr\/accueil\/wp-json\/wp\/v2\/pages\/39","targetHints":{"allow":["GET"]}}],"collection":[{"href":"https:\/\/midac-lab.fr\/accueil\/wp-json\/wp\/v2\/pages"}],"about":[{"href":"https:\/\/midac-lab.fr\/accueil\/wp-json\/wp\/v2\/types\/page"}],"author":[{"embeddable":true,"href":"https:\/\/midac-lab.fr\/accueil\/wp-json\/wp\/v2\/users\/2"}],"replies":[{"embeddable":true,"href":"https:\/\/midac-lab.fr\/accueil\/wp-json\/wp\/v2\/comments?post=39"}],"version-history":[{"count":39,"href":"https:\/\/midac-lab.fr\/accueil\/wp-json\/wp\/v2\/pages\/39\/revisions"}],"predecessor-version":[{"id":430,"href":"https:\/\/midac-lab.fr\/accueil\/wp-json\/wp\/v2\/pages\/39\/revisions\/430"}],"wp:attachment":[{"href":"https:\/\/midac-lab.fr\/accueil\/wp-json\/wp\/v2\/media?parent=39"}],"curies":[{"name":"wp","href":"https:\/\/api.w.org\/{rel}","templated":true}]}}